{"id":45455,"date":"2025-07-01T22:48:38","date_gmt":"2025-07-01T22:48:38","guid":{"rendered":"https:\/\/linktic.com\/politica-de-privacidade-tratamento-e-protecao-de-dados-pessoais\/"},"modified":"2026-04-23T20:12:10","modified_gmt":"2026-04-23T20:12:10","slug":"politica-de-privacidade-tratamento-e-protecao-de-dados-pessoais","status":"publish","type":"page","link":"https:\/\/linktic.com\/pt-br\/politica-de-privacidade-tratamento-e-protecao-de-dados-pessoais\/","title":{"rendered":"Pol\u00edtica de privacidade, tratamento e prote\u00e7\u00e3o de dados pessoais"},"content":{"rendered":"","protected":false},"excerpt":{"rendered":"","protected":false},"author":9,"featured_media":0,"parent":0,"menu_order":0,"comment_status":"closed","ping_status":"closed","template":"","meta":{"footnotes":""},"class_list":["post-45455","page","type-page","status-publish","hentry"],"_links":{"self":[{"href":"https:\/\/linktic.com\/pt-br\/wp-json\/wp\/v2\/pages\/45455","targetHints":{"allow":["GET"]}}],"collection":[{"href":"https:\/\/linktic.com\/pt-br\/wp-json\/wp\/v2\/pages"}],"about":[{"href":"https:\/\/linktic.com\/pt-br\/wp-json\/wp\/v2\/types\/page"}],"author":[{"embeddable":true,"href":"https:\/\/linktic.com\/pt-br\/wp-json\/wp\/v2\/users\/9"}],"replies":[{"embeddable":true,"href":"https:\/\/linktic.com\/pt-br\/wp-json\/wp\/v2\/comments?post=45455"}],"version-history":[{"count":5,"href":"https:\/\/linktic.com\/pt-br\/wp-json\/wp\/v2\/pages\/45455\/revisions"}],"predecessor-version":[{"id":45463,"href":"https:\/\/linktic.com\/pt-br\/wp-json\/wp\/v2\/pages\/45455\/revisions\/45463"}],"wp:attachment":[{"href":"https:\/\/linktic.com\/pt-br\/wp-json\/wp\/v2\/media?parent=45455"}],"curies":[{"name":"wp","href":"https:\/\/api.w.org\/{rel}","templated":true}]}}