{"id":45219,"date":"2025-11-27T13:40:11","date_gmt":"2025-11-27T13:40:11","guid":{"rendered":"https:\/\/linktic.com\/formulario-de-solicitacao-de-posicao\/"},"modified":"2026-04-27T14:12:18","modified_gmt":"2026-04-27T14:12:18","slug":"formulario-de-solicitacao-de-posicao","status":"publish","type":"page","link":"https:\/\/linktic.com\/pt-br\/formulario-de-solicitacao-de-posicao\/","title":{"rendered":"Formul\u00e1rio de solicita\u00e7\u00e3o de posi\u00e7\u00e3o"},"content":{"rendered":"","protected":false},"excerpt":{"rendered":"","protected":false},"author":4,"featured_media":0,"parent":0,"menu_order":0,"comment_status":"closed","ping_status":"closed","template":"","meta":{"footnotes":""},"class_list":["post-45219","page","type-page","status-publish","hentry"],"_links":{"self":[{"href":"https:\/\/linktic.com\/pt-br\/wp-json\/wp\/v2\/pages\/45219","targetHints":{"allow":["GET"]}}],"collection":[{"href":"https:\/\/linktic.com\/pt-br\/wp-json\/wp\/v2\/pages"}],"about":[{"href":"https:\/\/linktic.com\/pt-br\/wp-json\/wp\/v2\/types\/page"}],"author":[{"embeddable":true,"href":"https:\/\/linktic.com\/pt-br\/wp-json\/wp\/v2\/users\/4"}],"replies":[{"embeddable":true,"href":"https:\/\/linktic.com\/pt-br\/wp-json\/wp\/v2\/comments?post=45219"}],"version-history":[{"count":5,"href":"https:\/\/linktic.com\/pt-br\/wp-json\/wp\/v2\/pages\/45219\/revisions"}],"predecessor-version":[{"id":45504,"href":"https:\/\/linktic.com\/pt-br\/wp-json\/wp\/v2\/pages\/45219\/revisions\/45504"}],"wp:attachment":[{"href":"https:\/\/linktic.com\/pt-br\/wp-json\/wp\/v2\/media?parent=45219"}],"curies":[{"name":"wp","href":"https:\/\/api.w.org\/{rel}","templated":true}]}}