{"id":45015,"date":"2025-11-25T20:19:34","date_gmt":"2025-11-25T20:19:34","guid":{"rendered":"https:\/\/linktic.com\/terceirizacao-de-servicos-e-processos-de-ti\/"},"modified":"2026-04-22T17:47:36","modified_gmt":"2026-04-22T17:47:36","slug":"terceirizacao-de-servicos-e-processos-de-ti","status":"publish","type":"page","link":"https:\/\/linktic.com\/pt-br\/terceirizacao-de-servicos-e-processos-de-ti\/","title":{"rendered":"Terceiriza\u00e7\u00e3o de servi\u00e7os e processos de TI"},"content":{"rendered":"","protected":false},"excerpt":{"rendered":"","protected":false},"author":9,"featured_media":0,"parent":0,"menu_order":0,"comment_status":"closed","ping_status":"closed","template":"","meta":{"footnotes":""},"class_list":["post-45015","page","type-page","status-publish","hentry"],"_links":{"self":[{"href":"https:\/\/linktic.com\/pt-br\/wp-json\/wp\/v2\/pages\/45015","targetHints":{"allow":["GET"]}}],"collection":[{"href":"https:\/\/linktic.com\/pt-br\/wp-json\/wp\/v2\/pages"}],"about":[{"href":"https:\/\/linktic.com\/pt-br\/wp-json\/wp\/v2\/types\/page"}],"author":[{"embeddable":true,"href":"https:\/\/linktic.com\/pt-br\/wp-json\/wp\/v2\/users\/9"}],"replies":[{"embeddable":true,"href":"https:\/\/linktic.com\/pt-br\/wp-json\/wp\/v2\/comments?post=45015"}],"version-history":[{"count":1,"href":"https:\/\/linktic.com\/pt-br\/wp-json\/wp\/v2\/pages\/45015\/revisions"}],"predecessor-version":[{"id":45170,"href":"https:\/\/linktic.com\/pt-br\/wp-json\/wp\/v2\/pages\/45015\/revisions\/45170"}],"wp:attachment":[{"href":"https:\/\/linktic.com\/pt-br\/wp-json\/wp\/v2\/media?parent=45015"}],"curies":[{"name":"wp","href":"https:\/\/api.w.org\/{rel}","templated":true}]}}